{"id":10,"date":"2013-10-09T19:38:46","date_gmt":"2013-10-09T23:38:46","guid":{"rendered":"http:\/\/localhost:8888\/shekinah\/?page_id=10"},"modified":"2019-02-12T15:00:58","modified_gmt":"2019-02-12T20:00:58","slug":"synopsis","status":"publish","type":"page","link":"http:\/\/shekinahfilm.com\/fr\/shekinah\/synopsis\/","title":{"rendered":"Synopsis"},"content":{"rendered":"<p><img loading=\"lazy\" class=\"alignright size-small-feature\" alt=\"Celebrating\" src=\"http:\/\/shekinahfilm.com\/wp-content\/uploads\/2013\/10\/Celebrating-260x390.jpg\" width=\"260\" height=\"390\" \/><em><strong>Shekinah<\/strong>, la vie intime des femmes hassidiques<\/em> nous fait p\u00e9n\u00e9trer dans le monde inconnu de jeunes femmes hassidiques qui semblent avoir un mode de vie du XVIIIe si\u00e8cle dans le Qu\u00e9bec du XXIe si\u00e8cle. Ces femmes appartiennent au mouvement Chabad Loubavitch, une secte du Hassidisme orthodoxe.<\/p>\n<p>Gr\u00e2ce \u00e0 un acc\u00e8s sans pr\u00e9c\u00e9dent, des jeunes femmes qui sont \u00e0 la fin de leurs \u00e9tudes religieuses \u00e0 Sainte-Agathe-des-Monts partagent leur mani\u00e8re de voir les premi\u00e8res rencontres amoureuses et le mariage. Malgr\u00e9 le fait que les lois de la Torah r\u00e8glent chacune de leurs actions, leur vie est remplie de passion. Leurs relations avec les hommes sont bas\u00e9es sur la kabbale, une interpr\u00e9tation mystique du juda\u00efsme. Elles expliquent comment la sexualit\u00e9 \u00abcach\u00e8re\u00bb, avec ses complexes commandements divins, est aussi intense et exaltante que les pratiques tantriques occidentales, et pourquoi elles se voient comme plus lib\u00e9r\u00e9es que la plupart des femmes d\u2019aujourd\u2019hui.<\/p>\n<p><strong>Shekinah<\/strong> explore \u00e9galement l&rsquo;\u00e9volution des relations de ces jeunes femmes avec les communaut\u00e9s qui les entourent, juive non-orthodoxe et qu\u00e9b\u00e9coise.<\/p>\n<h4>Note du r\u00e9alisateur<\/h4>\n<p>Pour le tournage de <strong>Shekinah<\/strong>, une communaut\u00e9 inconnue, ferm\u00e9e et mal comprise m&rsquo;a accord\u00e9 un acc\u00e8s g\u00e9n\u00e9reux. Ce que j&rsquo;y ai d\u00e9couvert est tout le contraire de ce \u00e0 quoi je m&rsquo;attendais. Derri\u00e8re la fa\u00e7ade rigide et morne que pr\u00e9sentent au monde les Hassidims, il y a une sensualit\u00e9, une vitalit\u00e9 et une passion qui semblent plus lib\u00e9ratrices et plus \u00e9panouissantes que celles du monde s\u00e9culaire dans lequel je vis. Quelle est l&rsquo;autre face du Hassidisme? Toutes les restrictions sont-elles vraiment r\u00e9pressives, ou ont-elles une raison d&rsquo;\u00eatre cach\u00e9e?<\/p>\n<p>Le film explore la vie intime des femmes hassidiques. Mon point de vue dans ce film est qu&rsquo;il y a d&rsquo;autres fa\u00e7ons de voir le monde et de vivre la vie. Les Hassidims croient \u00e0 la Kabbale qui enseigne le c\u00f4t\u00e9 mystique du Juda\u00efsme. Ils croient en une essence spirituelle primordiale qui anime toute la cr\u00e9ation. Ils disent que nous sommes inconscients de notre identit\u00e9 transcendante la plupart du temps et que, dans le mariage, l&rsquo;acte intime de faire l&rsquo;amour est une exp\u00e9rience o\u00f9 le spirituel peut se manifester.<\/p>\n<p>Si vous croyez que votre bien-aim\u00e9(e) est un reflet de Dieu, votre vie est \u00e9nergis\u00e9e. L&rsquo;ordinaire devient l&rsquo;extraordinaire. Dans notre monde mat\u00e9rialiste, je crois que ce genre d&rsquo;\u00e9nergie ferait du bien. <\/p>\n<p>Finalement, <strong>Shekinah<\/strong> va au-del\u00e0 des croyances des Hassidims pour nous livrer une exploration de diff\u00e9rentes fa\u00e7ons de saisir le monde. Sous la surface des choses, il y a le potentiel d&rsquo;une vie plus riche et plus mystique, si on veut le voir.<\/p>\n<p>Cela est-il r\u00e9aliste? Les Hassidims pourraient reprendre l&rsquo;adage des Rolling Stones, \u201cIt&rsquo;s just a kiss away.\u201d Comme un baiser vol\u00e9, quoi! <\/p>\n<p><em>\u2014 Abbey Neidik<\/em><\/p>","protected":false},"excerpt":{"rendered":"<p>Shekinah, la vie intime des femmes hassidiques nous fait p\u00e9n\u00e9trer dans le monde inconnu de jeunes femmes hassidiques qui semblent avoir un <a href=\"http:\/\/shekinahfilm.com\/fr\/shekinah\/synopsis\/\" class=\"more-link\"><span class=\"icon\"><\/span><\/a><\/p>\n","protected":false},"author":1,"featured_media":0,"parent":9,"menu_order":0,"comment_status":"closed","ping_status":"open","template":"","meta":{"spay_email":""},"_links":{"self":[{"href":"http:\/\/shekinahfilm.com\/fr\/wp-json\/wp\/v2\/pages\/10"}],"collection":[{"href":"http:\/\/shekinahfilm.com\/fr\/wp-json\/wp\/v2\/pages"}],"about":[{"href":"http:\/\/shekinahfilm.com\/fr\/wp-json\/wp\/v2\/types\/page"}],"author":[{"embeddable":true,"href":"http:\/\/shekinahfilm.com\/fr\/wp-json\/wp\/v2\/users\/1"}],"replies":[{"embeddable":true,"href":"http:\/\/shekinahfilm.com\/fr\/wp-json\/wp\/v2\/comments?post=10"}],"version-history":[{"count":0,"href":"http:\/\/shekinahfilm.com\/fr\/wp-json\/wp\/v2\/pages\/10\/revisions"}],"up":[{"embeddable":true,"href":"http:\/\/shekinahfilm.com\/fr\/wp-json\/wp\/v2\/pages\/9"}],"wp:attachment":[{"href":"http:\/\/shekinahfilm.com\/fr\/wp-json\/wp\/v2\/media?parent=10"}],"curies":[{"name":"wp","href":"https:\/\/api.w.org\/{rel}","templated":true}]}}