{"id":11,"date":"2013-10-10T19:39:04","date_gmt":"2013-10-10T23:39:04","guid":{"rendered":"http:\/\/localhost:8888\/shekinah\/?page_id=11"},"modified":"2019-03-21T14:45:08","modified_gmt":"2019-03-21T18:45:08","slug":"screenings","status":"publish","type":"page","link":"http:\/\/shekinahfilm.com\/fr\/shekinah\/screenings\/","title":{"rendered":"Projections"},"content":{"rendered":"<p><\/p>\n<table class=\"pinkbox\">\n<tbody>\n<tr>\n<th>Organiser une\u00a0projection<\/th>\n<td>Vous voudriez organiser une projection de Shekinah dans votre quartier? Visitez notre <a href=\"http:\/\/shekinahfilm.com\/fr\/store\/\" title=\"Boutique\">boutique en ligne<\/a> pour plus de d\u00e9tails.<\/td>\n<\/tr>\n<\/tbody>\n<\/table>\n<h4 class=\"upcoming\">Projection pass\u00e9e<\/h4>\n<div class=\"whitebox\" style=\"text-align: center;\">\n<h3>Shekinah \u2013 Universit\u00e9 Columbia<\/h3>\n<h4><span class=\"color\">Lunid le 23 f\u00e9vrier 2015,<\/span> 19h00<\/h4>\n<p>Universit\u00e9 Columbia, salle Alfred Lerner<\/p>\n<\/div>\n<h4 class=\"upcoming\">Projection pass\u00e9e<\/h4>\n<div class=\"whitebox\" style=\"text-align: center;\">\n<h3>Shekinah \u2013 Zone Doc<\/h3>\n<h4><span class=\"color\">Vendredi le 12 d\u00e9cembre 2014,<\/span> 21h00<\/h4>\n<p>\u00abShekinah, la vie intime des femmes hassidiques\u00bb sera diffus\u00e9 dans le cadre de l\u2019\u00e9mission Zone Doc sur les ondes de Radio-Canada.<\/p>\n<\/div>\n<h4 class=\"upcoming\">Projection pass\u00e9e<\/h4>\n<div class=\"whitebox\" style=\"text-align: center;\">\n<h3>Shekinah at Limmud Chicago 2014<\/h3>\n<h4><span class=\"color\">Dimanche le 16 novembre 2014,<\/span> 10h00<\/h4>\n<p>Doubletree by Hilton, 9599 Skokie Blvd, Skokie, Il<\/p>\n<\/div>\n<h4 class=\"upcoming\">Projection pass\u00e9e<\/h4>\n<div class=\"whitebox\" style=\"text-align: center;\">\n<h3>Shekinah \u00e0 Doc Channel<\/h3>\n<\/p>\n<h4><span class=\"color\">Dimanche le 9 novembre,<\/span> 21h00<\/h4>\n<\/div>\n<h4 class=\"upcoming\">Projection pass\u00e9e<\/h4>\n<div class=\"whitebox\" style=\"text-align: center;\">\n<h3>Carlton Cinema<\/h3>\n<\/p>\n<h4><span class=\"color\">Vendredi 16 mai au jeudi 22 mai<\/span><\/h4>\n<h4>14h00 et 19h00<\/h4>\n<\/div>\n<h4 class=\"upcoming\">Projection pass\u00e9e<\/h4>\n<div class=\"whitebox\" style=\"text-align: center;\">\n<h3>Elgin Mills<\/h3>\n<\/p>\n<h4><span class=\"color\">Vendredi 16 mai au jeudi 22 mai<\/span><\/h4>\n<h4>14h00 et 19h00<\/h4>\n<\/div>\n<h4 class=\"upcoming\">Projection pass\u00e9e<\/h4>\n<div class=\"whitebox\" style=\"text-align: center;\">\n<h3>Bloor Hot Docs Cinema<\/h3>\n<h4><span class=\"color\">Lundi 12 mai,<\/span> 15h30 et 18h30<\/h4>\n<h5 class=\"ribbon\">Premi\u00e8re \u2014 Toronto<\/h5>\n<\/div>\n<h4 class=\"upcoming\">Projection pass\u00e9e<\/h4>\n<div class=\"whitebox\" style=\"text-align: center;\">\n<h3>Festival du film de Haida Gwaii<\/h3>\n<p>Haida House, Tlell<\/p>\n<h4><span class=\"color\">Samedi 8 mars,<\/span> 11h15<\/h4>\n<\/div>\n<h4 class=\"upcoming\">Projection pass\u00e9e<\/h4>\n<div class=\"whitebox\" style=\"text-align: center;\">\n<h3>Rendez-vous du cin\u00e9ma qu\u00e9b\u00e9cois<\/h3>\n<p>Cin\u00e9math\u00e8que qu\u00e9b\u00e9coise, salle Fernand-Seguin<\/p>\n<h4><span class=\"color\">Mercredi 26 f\u00e9vrier,<\/span> 17h30<\/h4>\n<\/div>\n<h4 class=\"upcoming\">Projection pass\u00e9e<\/h4>\n<div class=\"whitebox\" style=\"text-align: center;\">\n<h3>Universit\u00e9 Columbia<\/h3>\n<p>Alfred Lerner Hall Roone Arledge Cinema (aka Lerner Cinema)<\/p>\n<h4><span class=\"color\">Dimanche 8 d\u00e9cembre,<\/span> 19h00<\/h4>\n<\/div>\n<h4 class=\"upcoming\">Projection pass\u00e9e<\/h4>\n<div class=\"whitebox\" style=\"text-align: center;\">\n<h3>Polyvalente des Monts<\/h3>\n<h4><span class=\"color\">Mardi 26 novembre,<\/span> 19h30<\/h4>\n<p>\u00abShekinah\u00bb sera \u00e0 l\u2019affiche \u00e0 l\u2019auditorium de la Polyvalente des Monts \u00e0 Sainte-Agathe. Ce documentaire prim\u00e9 est centr\u00e9 sur la communaut\u00e9 Loubavitch et le s\u00e9minaire BMC Teachers \u00e0 Sainte-Agathe.<\/p>\n<p>Les billets seront disponibles \u00e0 la porte.<\/p>\n<\/div>\n<h4 class=\"upcoming\">Projection pass\u00e9e<\/h4>\n<div class=\"whitebox\" style=\"text-align: center;\">\n<h3>Franklin Marshall College<br \/>Bonchek Great Room<\/h3>\n<h4><span class=\"color\">Mardi 8 novembre,<\/span> 18h00<\/h4>\n<p>Apr\u00e8s la projection, Yisroel Bernath, un rabbin canadien qui a pris part \u00e0 la production du film, tiendra une courte discussion \u00e0 propos du film et r\u00e9pondra aux questions.<\/p>\n<\/div>\n<h4 class=\"upcoming\">Projection pass\u00e9e<\/h4>\n<div class=\"whitebox\" style=\"text-align: center;\">\n<h3>Cin\u00e9ma du Parc<\/h3>\n<h4><span class=\"color\">Du lundi 28 octobre<\/span><\/h4>\n<h4><span class=\"color\">au vendredi 22 novembre<\/span><\/h4>\n<p>S.v.p. consulter l\u2019horaire sur le <a href=\"http:\/\/www.cinemaduparc.com\/affiche.php?id=shekinah\" target=\"_blank\">site du Cin\u00e9ma du Parc<\/a>.<\/p>\n<h5 class=\"ribbon\"><em>Quatre semaines \u00e0 l\u2019affiche!<\/em><\/h5>\n<\/div>\n<h4 class=\"upcoming\">Projection pass\u00e9e<\/h4>\n<div class=\"whitebox\" style=\"text-align: center;\">\n<h3>Th\u00e9\u00e2tre Outremont<\/h3>\n<h4><span class=\"color\">Jeudi le 24 octobre:<\/span> 14h et 20h<\/h4>\n<h4><span class=\"color\">Dimanche le 27 octobre:<\/span> 14h et 20h<\/h4>\n<p>Projection suivie d&rsquo;une sc\u00e9ance de questions<br \/>avec le r\u00e9alisateur et d&rsquo;autres participants au film<\/p>\n<h5 class=\"ribbon\"><em>Plus de 2000 entr\u00e9es! Quel succ\u00e8s!<\/em><\/h5>\n<\/div>\n<h4 class=\"upcoming\">PROJECTION PASS\u00c9E<\/h4>\n<div class=\"whitebox\" style=\"text-align: center;\">\n<h3>Festival du film de Crown\u00a0Heights<\/h3>\n<h4><span class=\"color\">Jeudi le 24 octobre<\/span><\/h4>\n<p>Projection suivie d&rsquo;une sc\u00e9ance de questions<br \/>\navec la productrice ex\u00e9cutive Mushka Lightstone<\/p>\n<h5 class=\"ribbon\"><em>Gagant du meilleur documentaire!<\/em><\/h5>\n<\/div>\n<p><\/p>","protected":false},"excerpt":{"rendered":"<p>Organiser une\u00a0projection<br \/>\nVous voudriez organiser une projection de Shekinah dans votre quartier? Visitez notre boutique en ligne pour plus de d\u00e9tails.<\/p>\n<p>Projection pass\u00e9e<\/p>\n<p>Shekinah \u2013 <a href=\"http:\/\/shekinahfilm.com\/fr\/shekinah\/screenings\/\" class=\"more-link\"><span class=\"icon\"><\/span><\/a><\/p>\n","protected":false},"author":1,"featured_media":0,"parent":9,"menu_order":0,"comment_status":"closed","ping_status":"closed","template":"","meta":{"spay_email":""},"_links":{"self":[{"href":"http:\/\/shekinahfilm.com\/fr\/wp-json\/wp\/v2\/pages\/11"}],"collection":[{"href":"http:\/\/shekinahfilm.com\/fr\/wp-json\/wp\/v2\/pages"}],"about":[{"href":"http:\/\/shekinahfilm.com\/fr\/wp-json\/wp\/v2\/types\/page"}],"author":[{"embeddable":true,"href":"http:\/\/shekinahfilm.com\/fr\/wp-json\/wp\/v2\/users\/1"}],"replies":[{"embeddable":true,"href":"http:\/\/shekinahfilm.com\/fr\/wp-json\/wp\/v2\/comments?post=11"}],"version-history":[{"count":0,"href":"http:\/\/shekinahfilm.com\/fr\/wp-json\/wp\/v2\/pages\/11\/revisions"}],"up":[{"embeddable":true,"href":"http:\/\/shekinahfilm.com\/fr\/wp-json\/wp\/v2\/pages\/9"}],"wp:attachment":[{"href":"http:\/\/shekinahfilm.com\/fr\/wp-json\/wp\/v2\/media?parent=11"}],"curies":[{"name":"wp","href":"https:\/\/api.w.org\/{rel}","templated":true}]}}