{"id":13,"date":"2013-11-12T19:39:36","date_gmt":"2013-11-13T00:39:36","guid":{"rendered":"http:\/\/localhost:8888\/shekinah\/?page_id=13"},"modified":"2019-02-12T15:01:57","modified_gmt":"2019-02-12T20:01:57","slug":"classroom","status":"publish","type":"page","link":"http:\/\/shekinahfilm.com\/fr\/shekinah\/classroom\/","title":{"rendered":"Salle de classe"},"content":{"rendered":"<p><\/p>\n<h4>Guide d\u2019\u00e9tude Shekinah<\/h4>\n<p><strong><em>Shekinah: La vie intime des femmes hassidiques<\/em> est maintenant disponible sur DVD pour utilisation en classe. Disponible \u00e0 <a href=\"http:\/\/shekinahfilm.com\/fr\/store\/\" title=\"Boutique\">notre boutique<\/a>.<\/strong><\/p>\n<h5 style=\"margin-top: 1.5em;\"><img loading=\"lazy\" src=\"http:\/\/shekinahfilm.com\/wp-content\/uploads\/2013\/11\/Shekinah-Guide-detude-260x390.jpg\" alt=\"Guide d\u2019\u00e9tude Shekinah\" width=\"133\" height=\"200\" class=\"alignleft size-small-feature wp-image-41\" \/>\u00c0 propos du Guide d\u2019\u00e9tude:<\/h5>\n<p>Shekinah offre une incursion in\u00e9dite dans la vie intime des femmes hassidiques. Ce film ne peut que susciter une discussion anim\u00e9e en classe. Le Guide d&rsquo;\u00e9tude est con\u00e7u pour aider les enseignants comme les \u00e9l\u00e8ves \u00e0 aborder les principes philosophiques et les croyances d&rsquo;une religion qui, \u00e0 premi\u00e8re vue, peuvent para\u00eetre complexes.<\/p>\n<p>L&rsquo;accent est mis, dans ce manuel, sur l&rsquo;ouverture \u00e0 l&rsquo;autre et sur une plus grande tol\u00e9rance envers les personnes et les collectivit\u00e9s qui n&rsquo;ont pas les m\u00eames croyances ou les m\u00eames comportements que la culture dominante.<\/p>\n<p>Les questions pr\u00e9-projection pr\u00e9parent le terrain pour le visionnement du film, et les questions post-projection mettent les \u00e9l\u00e8ves au d\u00e9fi d&rsquo;une pens\u00e9e critique par rapport aux th\u00e8mes du film.<\/p>\n<p>Le Guide d&rsquo;\u00e9tude contient des r\u00e9f\u00e9rences de base, des renseignements suppl\u00e9mentaires et des suggestions de sujets de recherche \u2014 ce qui en font un pr\u00e9cieux outil p\u00e9dagogique.<\/p>\n<h4 class=\"upcoming\">Diffusions p\u00e9dagogiques<\/h4>\n<div class=\"whitebox\" style=\"text-align:center;\">\n<h3>Visionnement pour \u00e9l\u00e8ves du&nbsp;secondaire<\/h3>\n<h4><span class=\"color\">Th\u00e9\u00e2tre Outremont<\/span><br \/>jeudi 24&nbsp;Octobre \u00e0 14h<\/h4>\n<p>Cette projection sera suivie d&rsquo;une foire aux questions avec le r\u00e9alisateur du film et&nbsp;certains participants.<\/p>\n<p>Pour amener votre classe \u00e0 cette projection, veuillez nous joindre \u00e0 <a href=\"mailto:info@dliproductions.ca?subject=Projection p\u00e9dagogique de Shekinah\" title=\"\u00c9crire un courriel\">info@dliproductions.ca<\/a> ou par t\u00e9l\u00e9phone: <strong>514 691-5350<\/strong>, pour r\u00e9server.<\/p>\n<p><small>* Nous offrons l&rsquo;entr\u00e9e libre aux enseignants ainsi qu&rsquo;un exemplaire gratuit du Guide d&rsquo;\u00e9tude pour utilisation en classe.<\/small>\n<\/div>\n<p><\/p>","protected":false},"excerpt":{"rendered":"<p>Guide d\u2019\u00e9tude Shekinah<br \/>\nShekinah: La vie intime des femmes hassidiques est maintenant disponible sur DVD pour utilisation en classe. Disponible \u00e0 notre boutique.<\/p>\n<p>\u00c0 <a href=\"http:\/\/shekinahfilm.com\/fr\/shekinah\/classroom\/\" class=\"more-link\"><span class=\"icon\"><\/span><\/a><\/p>\n","protected":false},"author":1,"featured_media":0,"parent":9,"menu_order":0,"comment_status":"closed","ping_status":"closed","template":"","meta":{"spay_email":""},"_links":{"self":[{"href":"http:\/\/shekinahfilm.com\/fr\/wp-json\/wp\/v2\/pages\/13"}],"collection":[{"href":"http:\/\/shekinahfilm.com\/fr\/wp-json\/wp\/v2\/pages"}],"about":[{"href":"http:\/\/shekinahfilm.com\/fr\/wp-json\/wp\/v2\/types\/page"}],"author":[{"embeddable":true,"href":"http:\/\/shekinahfilm.com\/fr\/wp-json\/wp\/v2\/users\/1"}],"replies":[{"embeddable":true,"href":"http:\/\/shekinahfilm.com\/fr\/wp-json\/wp\/v2\/comments?post=13"}],"version-history":[{"count":0,"href":"http:\/\/shekinahfilm.com\/fr\/wp-json\/wp\/v2\/pages\/13\/revisions"}],"up":[{"embeddable":true,"href":"http:\/\/shekinahfilm.com\/fr\/wp-json\/wp\/v2\/pages\/9"}],"wp:attachment":[{"href":"http:\/\/shekinahfilm.com\/fr\/wp-json\/wp\/v2\/media?parent=13"}],"curies":[{"name":"wp","href":"https:\/\/api.w.org\/{rel}","templated":true}]}}