{"id":207,"date":"2013-11-05T20:51:54","date_gmt":"2013-11-06T01:51:54","guid":{"rendered":"http:\/\/shekinahfilm.com\/?page_id=207"},"modified":"2019-02-12T15:01:37","modified_gmt":"2019-02-12T20:01:37","slug":"comments","status":"publish","type":"page","link":"http:\/\/shekinahfilm.com\/fr\/shekinah\/comments\/","title":{"rendered":"Commentaires"},"content":{"rendered":"<p><\/p>\n<blockquote>\n<p>Shekinah Voil\u00e0 une fen\u00eatre qui s&rsquo;entrouvre sur un monde m\u00e9connu, celui des jeunes femmes Hassidiques. \u00c0 la fois tendre et po\u00e9tique, ce film de documentaire nous laisse un air rafra\u00eechi dans les id\u00e9es pr\u00e9con\u00e7ues que nous portons tous, parfois m\u00eame sans le savoir. Ces jeunes femmes affirment qu&rsquo;elles sont libres, et nous nous en f\u00e9licitons parce que ne recherchons tous pas nous m\u00eame un peu plus de libert\u00e9 dans nos vies? Cette libert\u00e9 de vivre comme bon nous semble n&rsquo;est-elle pas d\u00e9sirable? Souhaitable? Ces jeunes femmes portent leurs espoirs, leurs aspirations et leur quotidien au m\u00eame titre que toutes les autres femmes dans le monde. Un regard lucide et libre de pr\u00e9jug\u00e9 n&rsquo;est-ce pas l\u00e0 le premier pas vers la d\u00e9couverte d&rsquo;autres horizons? Bravo pour ce beau documentaire!<\/p>\n<p><cite>7\/10 100farine<\/cite><\/p><\/blockquote>\n<blockquote>\n<p>Ce monde des Hassidiques est fascinant, l&rsquo;a toujours \u00e9t\u00e9 d&rsquo;ailleurs \u00e0 mes yeux. Nous avons l\u00e0, une autre vision, on comprend mieux cet univers clos gr\u00e2ce \u00e0 Abbey Jack Neidick. Un seul petit reproche au film, j&rsquo;aurais aim\u00e9 qu&rsquo;il nous fasse rentrer plus en profondeur dans ce monde particulier, ces gens\u2026 je suis un peu rest\u00e9e sur \u00abma faim\u00bb\u2026 mais il reste que c&rsquo;est un tr\u00e8s int\u00e9ressant documentaire. Contente de l&rsquo;avoir vu!<\/p>\n<p><cite>10\/10 evanescense_2003<\/cite><\/p><\/blockquote>\n<blockquote>\n<p>Un film qui d\u00e9montre que de belles choses se passent quand deux communaut\u00e9s font l&rsquo;effort d&rsquo;aller l&rsquo;une vers l&rsquo;autre. J&rsquo;ai beaucoup aim\u00e9 la sc\u00e8ne du mariage \u00e0 Sainte-Agathe, o\u00f9 la mari\u00e9e a d\u00e9cid\u00e9 d&rsquo;inviter tout le village. C&rsquo;\u00e9tait le premier mariage hassidime ouvert au monde! Tout \u00e7a au Qu\u00e9bec, et gr\u00e2ce \u00e0 une fille!<\/p>\n<p><cite>8\/10 meg<\/cite><\/p><\/blockquote>\n<blockquote>\n<p>Une incursion in\u00e9dite et int\u00e9ressante dans la vie de jeunes femmes hassidiques, les participantes sont attachantes et j&rsquo;ai appris sur cette religion et sur leur mode de vie.<\/p>\n<p><cite>6\/10 mayertabs<\/cite><\/p><\/blockquote>\n<p><\/p>","protected":false},"excerpt":{"rendered":"<p>Shekinah Voil\u00e0 une fen\u00eatre qui s&rsquo;entrouvre sur un monde m\u00e9connu, celui des jeunes femmes Hassidiques. \u00c0 la fois tendre et po\u00e9tique, ce <a href=\"http:\/\/shekinahfilm.com\/fr\/shekinah\/comments\/\" class=\"more-link\"><span class=\"icon\"><\/span><\/a><\/p>\n","protected":false},"author":1,"featured_media":209,"parent":9,"menu_order":0,"comment_status":"open","ping_status":"open","template":"sidebar-page.php","meta":{"spay_email":""},"_links":{"self":[{"href":"http:\/\/shekinahfilm.com\/fr\/wp-json\/wp\/v2\/pages\/207"}],"collection":[{"href":"http:\/\/shekinahfilm.com\/fr\/wp-json\/wp\/v2\/pages"}],"about":[{"href":"http:\/\/shekinahfilm.com\/fr\/wp-json\/wp\/v2\/types\/page"}],"author":[{"embeddable":true,"href":"http:\/\/shekinahfilm.com\/fr\/wp-json\/wp\/v2\/users\/1"}],"replies":[{"embeddable":true,"href":"http:\/\/shekinahfilm.com\/fr\/wp-json\/wp\/v2\/comments?post=207"}],"version-history":[{"count":0,"href":"http:\/\/shekinahfilm.com\/fr\/wp-json\/wp\/v2\/pages\/207\/revisions"}],"up":[{"embeddable":true,"href":"http:\/\/shekinahfilm.com\/fr\/wp-json\/wp\/v2\/pages\/9"}],"wp:featuredmedia":[{"embeddable":true,"href":"http:\/\/shekinahfilm.com\/fr\/wp-json\/wp\/v2\/media\/209"}],"wp:attachment":[{"href":"http:\/\/shekinahfilm.com\/fr\/wp-json\/wp\/v2\/media?parent=207"}],"curies":[{"name":"wp","href":"https:\/\/api.w.org\/{rel}","templated":true}]}}