{"id":239,"date":"2013-11-10T07:00:48","date_gmt":"2013-11-10T12:00:48","guid":{"rendered":"http:\/\/shekinahfilm.com\/?page_id=239"},"modified":"2019-02-12T15:01:29","modified_gmt":"2019-02-12T20:01:29","slug":"letters","status":"publish","type":"page","link":"http:\/\/shekinahfilm.com\/fr\/shekinah\/letters\/","title":{"rendered":"T\u00e9moignages"},"content":{"rendered":"<p><div id=\"attachment_209\" style=\"width: 650px\" class=\"wp-caption alignleft\"><img aria-describedby=\"caption-attachment-209\" loading=\"lazy\" src=\"http:\/\/shekinahfilm.com\/wp-content\/uploads\/2013\/11\/outremont-02-720x440.jpg\" alt=\"2000 persons came over two days \u00a9 Monika Lightstone\" width=\"640\" height=\"480\" class=\"size-large wp-image-209\" \/><p id=\"caption-attachment-209\" class=\"wp-caption-text\">2000 personnes ont assist\u00e9 \u00e0 la premi\u00e8re. Photo \u00a9 Monika Lightstone<\/p><\/div><\/p>\n<h5>Jeudi 28 novembre 2013<\/h5>\n<p>J&rsquo;ai eu le tr\u00e8s grand plaisir de pr\u00e9senter <em>Shekinah, la vie intime des femmes hassidiques<\/em> aux \u00e9l\u00e8ves de Secondaire 5, \u00e0 la Polyvalente Des Monts, \u00e0 Sainte-Agathe des Monts o\u00f9 une bonne partie du film a \u00e9t\u00e9 tourn\u00e9.<\/p>\n<p>Les portes de l&rsquo;auditorium s&rsquo;ouvrent, et 150 jeunes se pr\u00e9cipitent dans la salle. Brouhaha d&rsquo;\u00e9nergie d&rsquo;ados et de temp\u00eate de neige. Le film commence et, d\u00e8s les premi\u00e8res sc\u00e8nes de Sainte-Agathe, la salle tombe dans un silence attentif qui dure jusqu&rsquo;aux plans tourn\u00e9s dans la Polyvalente. Et l\u00e0, c&rsquo;est cris d&rsquo;enthousiasme.<\/p>\n<p>Je ne sais pas qu&rsquo;elles \u00e9taient leurs attentes, mais \u00e0 la fin du film les jeunes ont applaudi fort et, durant la discussion, ils ont pos\u00e9 plein de questions pertinentes. En tant que productrice associ\u00e9e, c&rsquo;\u00e9tait pour moi une exp\u00e9rience des plus gratifiantes, car je voyais s&rsquo;ouvrir les yeux et les esprits de ces jeunes et j&rsquo;ai l&rsquo;impression de les avoir vu se tenir plus fiers parce que plus intelligents apr\u00e8s cette exp\u00e9rience.<\/p>\n<p><em>Margaux Ouimet<\/em><br \/>\n<\/p>","protected":false},"excerpt":{"rendered":"[caption id=\"attachment_209\" align=\"alignleft\" width=\"640\"]2000 personnes ont assist\u00e9 \u00e0 la premi\u00e8re. Photo \u00a9 Monika Lightstone[\/caption]\n<p>Jeudi 28 novembre 2013<\/p>\n<p>J&rsquo;ai eu le tr\u00e8s grand plaisir <a href=\"http:\/\/shekinahfilm.com\/fr\/shekinah\/letters\/\" class=\"more-link\"><span class=\"icon\"><\/span><\/a><\/p>\n","protected":false},"author":1,"featured_media":209,"parent":9,"menu_order":0,"comment_status":"closed","ping_status":"closed","template":"","meta":{"spay_email":""},"_links":{"self":[{"href":"http:\/\/shekinahfilm.com\/fr\/wp-json\/wp\/v2\/pages\/239"}],"collection":[{"href":"http:\/\/shekinahfilm.com\/fr\/wp-json\/wp\/v2\/pages"}],"about":[{"href":"http:\/\/shekinahfilm.com\/fr\/wp-json\/wp\/v2\/types\/page"}],"author":[{"embeddable":true,"href":"http:\/\/shekinahfilm.com\/fr\/wp-json\/wp\/v2\/users\/1"}],"replies":[{"embeddable":true,"href":"http:\/\/shekinahfilm.com\/fr\/wp-json\/wp\/v2\/comments?post=239"}],"version-history":[{"count":0,"href":"http:\/\/shekinahfilm.com\/fr\/wp-json\/wp\/v2\/pages\/239\/revisions"}],"up":[{"embeddable":true,"href":"http:\/\/shekinahfilm.com\/fr\/wp-json\/wp\/v2\/pages\/9"}],"wp:featuredmedia":[{"embeddable":true,"href":"http:\/\/shekinahfilm.com\/fr\/wp-json\/wp\/v2\/media\/209"}],"wp:attachment":[{"href":"http:\/\/shekinahfilm.com\/fr\/wp-json\/wp\/v2\/media?parent=239"}],"curies":[{"name":"wp","href":"https:\/\/api.w.org\/{rel}","templated":true}]}}