{"id":6,"date":"2013-11-15T10:00:24","date_gmt":"2013-11-15T15:00:24","guid":{"rendered":"http:\/\/localhost:8888\/shekinah\/?page_id=6"},"modified":"2013-11-19T12:56:47","modified_gmt":"2013-11-19T17:56:47","slug":"kosher-sex","status":"publish","type":"page","link":"http:\/\/shekinahfilm.com\/fr\/kosher-sex\/","title":{"rendered":"Sexe cach\u00e8re"},"content":{"rendered":"<p>Version fran\u00e7aise \u00e0 venir.<\/p>\n<p>(voir la <a href=\"http:\/\/shekinahfilm.com\/kosher-sex\/\" title=\"Kosher Sex\">version anglaise<\/a>)<\/p>","protected":false},"excerpt":{"rendered":"<p>Version fran\u00e7aise \u00e0 venir.<\/p>\n<p>(voir la version anglaise) <a href=\"http:\/\/shekinahfilm.com\/fr\/kosher-sex\/\" class=\"more-link\"><span class=\"icon\"><\/span><\/a><\/p>\n","protected":false},"author":1,"featured_media":0,"parent":0,"menu_order":0,"comment_status":"closed","ping_status":"closed","template":"","meta":{"spay_email":""},"_links":{"self":[{"href":"http:\/\/shekinahfilm.com\/fr\/wp-json\/wp\/v2\/pages\/6"}],"collection":[{"href":"http:\/\/shekinahfilm.com\/fr\/wp-json\/wp\/v2\/pages"}],"about":[{"href":"http:\/\/shekinahfilm.com\/fr\/wp-json\/wp\/v2\/types\/page"}],"author":[{"embeddable":true,"href":"http:\/\/shekinahfilm.com\/fr\/wp-json\/wp\/v2\/users\/1"}],"replies":[{"embeddable":true,"href":"http:\/\/shekinahfilm.com\/fr\/wp-json\/wp\/v2\/comments?post=6"}],"version-history":[{"count":0,"href":"http:\/\/shekinahfilm.com\/fr\/wp-json\/wp\/v2\/pages\/6\/revisions"}],"wp:attachment":[{"href":"http:\/\/shekinahfilm.com\/fr\/wp-json\/wp\/v2\/media?parent=6"}],"curies":[{"name":"wp","href":"https:\/\/api.w.org\/{rel}","templated":true}]}}