{"id":7,"date":"2013-11-15T11:00:36","date_gmt":"2013-11-15T16:00:36","guid":{"rendered":"http:\/\/localhost:8888\/shekinah\/?page_id=7"},"modified":"2013-11-15T13:27:38","modified_gmt":"2013-11-15T18:27:38","slug":"glossary","status":"publish","type":"page","link":"http:\/\/shekinahfilm.com\/fr\/glossary\/","title":{"rendered":"Glossaire"},"content":{"rendered":"<p><\/p>\n<ul>\n<li><b>Bar Mitzvah<\/b>\/<b>Bat Mitzvah<\/b>, rituel de passage \u00e0 la majorit\u00e9 du jeune homme juif ou de la jeune fille juive qui, vers l&rsquo;\u00e2ge de 13 ans, devient membre responsable de la communaut\u00e9 juive.<\/li>\n<li><b>Beshayrt<\/b>, \u00e2me s\u0153ur,conjoint(e) pr\u00e9d\u00e9termin\u00e9(e).<\/li>\n<li><b>Chabad-Loubavitch<\/b>, mouvement hassidique du juda\u00efsme orthodoxe fond\u00e9 au XVIII<sup>e<\/sup> si\u00e8cle en Russie qui met l&rsquo;accent sur le raffinement du mental par l&rsquo;apprentissage des concepts mystiques du juda\u00efsme.<\/li>\n<li><b>Daven<\/b>, prier Dieu.<\/li>\n<li><b>Ha-Shem<\/b>, \u00abLe Nom\u00bb prononc\u00e9 comme substitut par sanctification du nom de Dieu.<\/li>\n<li><b>Hassidim<\/b>, \u00abpeuple de bont\u00e9\u00bb, courant du juda\u00efsme orthodoxe fond\u00e9 sur le mysticisme juif et sur l&rsquo;amour de Dieu et des autres.<\/li>\n<li><b>Kabbale<\/b> (<i>Cabbale<\/i>), mysticisme juif. Interpr\u00e9tation \u00e9sot\u00e9rique des \u00c9critures ayant pour but de p\u00e9n\u00e9trer les myst\u00e8res sacr\u00e9s et d&rsquo;atteindre la pl\u00e9nitude.<\/li>\n<li><b>Mazel<\/b>, chance, destin.<\/li>\n<li><b>Mazel Tov<\/b>, f\u00e9licitations, bonne chance.<\/li>\n<li><b>Mashiach<\/b>, Le messie, grand guide charismatique qui m\u00e8nera l&rsquo;humanit\u00e9 vers une \u00e8re de paix et d&rsquo;amour sur Terre.<\/li>\n<li><b>Mikvah<\/b>, bain rituel.<\/li>\n<li><b>Mitzvah<\/b>, commandement, bonne action.<\/li>\n<li><b>Rabbin<\/b>, ma\u00eetre et guide spirituel.<\/li>\n<li><b>Rabbitsen<\/b>, \u00e9pouse de rabbin.<\/li>\n<li><b>Shabbat<\/b>, se prononce sa-ba en fran\u00e7ais: jour de repos de chaque semaine, allant du coucher du soleil du vendredi jusqu&rsquo;\u00e0 l&rsquo;apparition des trois premi\u00e8res \u00e9toiles dans le ciel du samedi soir.<\/li>\n<li><b>Shalom<\/b>, paix. Formule de salutation quand on rencontre une personne et quand on la quitte.<\/li>\n<li><b>Shekinah<\/b> (<i>Shekhinah<\/i>, <i>Shechinah<\/i>), aspect f\u00e9minin du divin et force divine de la cr\u00e9ation.<\/li>\n<li><b>Shomer negiah<\/b>, personne n&rsquo;ayant aucun contact physique avec une ou des personnes de l&rsquo;autre sexe, sauf avec son \u00e9poux ou \u00e9pouse et avec les membres de sa famille proche.<\/li>\n<li><b>Shlukah<\/b>, femme \u00e9missaire.<\/li>\n<li><b>Tznius<\/b>, modestie dans l&rsquo;habillement, le langage et le comportement.<\/li>\n<li><b>Torah<\/b>, les cinq livres de Mo\u00efse, r\u00e9cit fondateur du peuple juif.<\/li>\n<\/ul>\n<h2>Liens<\/h2>\n<ul>\n<li><a href=\"http:\/\/www.myjewishlearning.com\" target=\"_blank\">www.myjewishlearning.com<\/a><\/li>\n<li><a href=\"http:\/\/www.judaism.about.com\" target=\"_blank\">www.judaism.about.com<\/a><\/li>\n<li><a href=\"http:\/\/www.jewishvirtuallibrary.org\" target=\"_blank\">www.jewishvirtuallibrary.org<\/a><\/li>\n<li><a href=\"http:\/\/www.pbs.org\/alifeapart\/intro.html\" target=\"_blank\">www.pbs.org\/alifeapart\/intro.html<\/a><\/li>\n<\/ul>\n<p><\/p>","protected":false},"excerpt":{"rendered":"<p>\tBar Mitzvah\/Bat Mitzvah, rituel de passage \u00e0 la majorit\u00e9 du jeune homme juif ou de la jeune fille juive qui, vers l&rsquo;\u00e2ge <a href=\"http:\/\/shekinahfilm.com\/fr\/glossary\/\" class=\"more-link\"><span class=\"icon\"><\/span><\/a><\/p>\n","protected":false},"author":1,"featured_media":0,"parent":0,"menu_order":0,"comment_status":"closed","ping_status":"closed","template":"","meta":{"spay_email":""},"_links":{"self":[{"href":"http:\/\/shekinahfilm.com\/fr\/wp-json\/wp\/v2\/pages\/7"}],"collection":[{"href":"http:\/\/shekinahfilm.com\/fr\/wp-json\/wp\/v2\/pages"}],"about":[{"href":"http:\/\/shekinahfilm.com\/fr\/wp-json\/wp\/v2\/types\/page"}],"author":[{"embeddable":true,"href":"http:\/\/shekinahfilm.com\/fr\/wp-json\/wp\/v2\/users\/1"}],"replies":[{"embeddable":true,"href":"http:\/\/shekinahfilm.com\/fr\/wp-json\/wp\/v2\/comments?post=7"}],"version-history":[{"count":0,"href":"http:\/\/shekinahfilm.com\/fr\/wp-json\/wp\/v2\/pages\/7\/revisions"}],"wp:attachment":[{"href":"http:\/\/shekinahfilm.com\/fr\/wp-json\/wp\/v2\/media?parent=7"}],"curies":[{"name":"wp","href":"https:\/\/api.w.org\/{rel}","templated":true}]}}