{"id":86,"date":"2013-10-09T19:45:16","date_gmt":"2013-10-09T23:45:16","guid":{"rendered":"http:\/\/localhost:8888\/shekinah\/?page_id=86"},"modified":"2019-02-12T15:00:51","modified_gmt":"2019-02-12T20:00:51","slug":"characters","status":"publish","type":"page","link":"http:\/\/shekinahfilm.com\/fr\/shekinah\/characters\/","title":{"rendered":"Personnages"},"content":{"rendered":"<p><\/p>\n<h4 style=\"margin-left:200px;\">Chanie<\/h4>\n<p><a href=\"http:\/\/shekinahfilm.com\/wp-content\/uploads\/2013\/10\/chanie.jpg\"><img loading=\"lazy\" src=\"http:\/\/shekinahfilm.com\/wp-content\/uploads\/2013\/10\/chanie.jpg\" alt=\"chanie\" width=\"200\" height=\"200\" class=\"alignleft size-full wp-image-91 character\" srcset=\"http:\/\/shekinahfilm.com\/wp-content\/uploads\/2013\/10\/chanie.jpg 200w, http:\/\/shekinahfilm.com\/wp-content\/uploads\/2013\/10\/chanie-90x90.jpg 90w\" sizes=\"(max-width: 200px) 100vw, 200px\" \/><\/a><\/p>\n<p>D\u2019origine new-yorkaise, Chanie est venue au Qu\u00e9bec pour \u00e9pouser un rabbin de Sainte-Agathe. Elle est la fondatrice et directrice de BMC, le S\u00e9minaire des enseignants Bais Mosh\u00e9 Cha\u00efm. Contrairement \u00e0 ses \u00e9tudiantes qui ne connaissent presque rien \u00e0 la culture des c\u00e9l\u00e9brit\u00e9s, Chanie fait tout pour passer \u00e0 l\u2019\u00e9mission d\u2019Oprah afin de diffuser le message hassidique d\u2019amour et de bonheur.<\/p>\n<h4 style=\"margin-left:200px;\">Hannah<\/h4>\n<p><a href=\"http:\/\/shekinahfilm.com\/wp-content\/uploads\/2013\/10\/hannah.jpg\"><img loading=\"lazy\" src=\"http:\/\/shekinahfilm.com\/wp-content\/uploads\/2013\/10\/hannah.jpg\" alt=\"hannah\" width=\"200\" height=\"200\" class=\"alignleft size-full wp-image-92 character\" srcset=\"http:\/\/shekinahfilm.com\/wp-content\/uploads\/2013\/10\/hannah.jpg 200w, http:\/\/shekinahfilm.com\/wp-content\/uploads\/2013\/10\/hannah-90x90.jpg 90w\" sizes=\"(max-width: 200px) 100vw, 200px\" \/><\/a><\/p>\n<p>Ravissante jeune femme de 19 ans, Hannah est une immigrante isra\u00e9lienne d\u2019origine fran\u00e7aise.  Pendant l\u2019ann\u00e9e scolaire, Hannah enseigne \u00e0 l\u2018\u00e9cole BMC. Elle est une \u00e9loquente porte-parole pour les Lois de la modestie et les moeurs sexuelles des Hassidiques. \u00abC\u2019est important que les relations entre hommes et femmes soient \u00e9lectriques, dit-elle. Dans le Juda\u00efsme, on nous apprend que \u00abla vie est belle\u00bb et qu\u2019il faut la vivre intens\u00e9mment.\u00bb<\/p>\n<h4 style=\"margin-left:200px;\">Chaya Mushka<\/h4>\n<p><a href=\"http:\/\/shekinahfilm.com\/wp-content\/uploads\/2013\/10\/chaya.jpg\"><img loading=\"lazy\" src=\"http:\/\/shekinahfilm.com\/wp-content\/uploads\/2013\/10\/chaya.jpg\" alt=\"chaya\" width=\"200\" height=\"200\" class=\"alignleft size-full wp-image-90 character\" srcset=\"http:\/\/shekinahfilm.com\/wp-content\/uploads\/2013\/10\/chaya.jpg 200w, http:\/\/shekinahfilm.com\/wp-content\/uploads\/2013\/10\/chaya-90x90.jpg 90w\" sizes=\"(max-width: 200px) 100vw, 200px\" \/><\/a><\/p>\n<p>Hannamuska est une adolescente de 17 ans venue d\u2019Angleterre. Elle a arr\u00eat\u00e9 de frequenter ses amis d\u2019enfance par peur de perdre sa culture hassidique. \u00c7a lui fait de la peine, mais elle est heureuse de faire ses \u00e9tudes au S\u00e9minaire BMC.<\/p>\n<h4 style=\"margin-left:200px;\">Rose<\/h4>\n<p><a href=\"http:\/\/shekinahfilm.com\/wp-content\/uploads\/2013\/10\/rose.jpg\"><img loading=\"lazy\" src=\"http:\/\/shekinahfilm.com\/wp-content\/uploads\/2013\/10\/rose.jpg\" alt=\"rose\" width=\"200\" height=\"200\" class=\"alignleft size-full wp-image-93 character\" srcset=\"http:\/\/shekinahfilm.com\/wp-content\/uploads\/2013\/10\/rose.jpg 200w, http:\/\/shekinahfilm.com\/wp-content\/uploads\/2013\/10\/rose-90x90.jpg 90w\" sizes=\"(max-width: 200px) 100vw, 200px\" \/><\/a><\/p>\n<p>Une m\u00e9m\u00e9 juive de 88 ans, maligne et rigolote, avec une personnalit\u00e9 de diva, Rose vit seule dans un bungalow de trois pi\u00e8ces. Elle ne croit ni en Dieu, ni en \u00abces histoires de Messie qui viendra nous sauver!\u00bb Malgr\u00e9 cela, pour Chanie, Rose est sa meilleure amie. Elle lui rend visite chaque jour, lui apporte de la nourriture et des denr\u00e9es que Rose redistribue. Pour Rose, Chanie est une sainte. \u00c7a ne l\u2019emp\u00eache pas de lui dire le fond de sa pens\u00e9e: \u00abC\u2019est du lavage de cerveau que tu leur fais, aux filles. Elles ne connaissent m\u00eame pas Brittany Spears! Elles ne savent pas ce qui se passe dans le monde!\u00bb<\/p>\n<h4 style=\"margin-left:200px;\">Rabbin New<\/h4>\n<p><a href=\"http:\/\/shekinahfilm.com\/wp-content\/uploads\/2013\/10\/rabbi-new.jpg\"><img loading=\"lazy\" src=\"http:\/\/shekinahfilm.com\/wp-content\/uploads\/2013\/10\/rabbi-new.jpg\" alt=\"rabbi-new\" width=\"200\" height=\"200\" class=\"alignleft size-full wp-image-94 character\" srcset=\"http:\/\/shekinahfilm.com\/wp-content\/uploads\/2013\/10\/rabbi-new.jpg 200w, http:\/\/shekinahfilm.com\/wp-content\/uploads\/2013\/10\/rabbi-new-90x90.jpg 90w\" sizes=\"(max-width: 200px) 100vw, 200px\" \/><\/a><\/p>\n<p>Le Rabbin Moshe New dirige le centre Torah de Montr\u00e9al. Il est un conf\u00e9rencier r\u00e9put\u00e9 de la Kabbale  telle qu&rsquo;elle est v\u00e9cue aujourd&rsquo;hui. Il est un enseignant brillant, sage et inspirant.<\/p>\n<h4 style=\"margin-left:200px;\">Rabbin Bernath<\/h4>\n<p><a href=\"http:\/\/shekinahfilm.com\/wp-content\/uploads\/2013\/10\/rabbi-bernath.jpg\"><img loading=\"lazy\" src=\"http:\/\/shekinahfilm.com\/wp-content\/uploads\/2013\/10\/rabbi-bernath.jpg\" alt=\"rabbi-bernath\" width=\"200\" height=\"200\" class=\"alignleft size-full wp-image-95 character\" srcset=\"http:\/\/shekinahfilm.com\/wp-content\/uploads\/2013\/10\/rabbi-bernath.jpg 200w, http:\/\/shekinahfilm.com\/wp-content\/uploads\/2013\/10\/rabbi-bernath-90x90.jpg 90w\" sizes=\"(max-width: 200px) 100vw, 200px\" \/><\/a><\/p>\n<p>Le Rabbin Yisroel Bernath, aussi appel\u00e9 \u00able Rabbin cool de Montr\u00e9al\u00bb est le directeur spirituel du Centre Juif Monkland \u2014 Chabad NDG et l&rsquo;aum\u00f4nier juif de l&rsquo;Unversit\u00e9 Concordia. Le \u2028\u2028Rabbin Bernath est le fondateur de JMontreal.com, la plus importante agence de rencontres juive de Montr\u00e9al.<\/p>\n<p><\/p>","protected":false},"excerpt":{"rendered":"<p>Chanie<br \/>\nD\u2019origine new-yorkaise, Chanie est venue au Qu\u00e9bec pour \u00e9pouser un rabbin de Sainte-Agathe. Elle est la fondatrice et directrice de BMC, le <a href=\"http:\/\/shekinahfilm.com\/fr\/shekinah\/characters\/\" class=\"more-link\"><span class=\"icon\"><\/span><\/a><\/p>\n","protected":false},"author":1,"featured_media":78,"parent":9,"menu_order":0,"comment_status":"closed","ping_status":"closed","template":"","meta":{"spay_email":""},"_links":{"self":[{"href":"http:\/\/shekinahfilm.com\/fr\/wp-json\/wp\/v2\/pages\/86"}],"collection":[{"href":"http:\/\/shekinahfilm.com\/fr\/wp-json\/wp\/v2\/pages"}],"about":[{"href":"http:\/\/shekinahfilm.com\/fr\/wp-json\/wp\/v2\/types\/page"}],"author":[{"embeddable":true,"href":"http:\/\/shekinahfilm.com\/fr\/wp-json\/wp\/v2\/users\/1"}],"replies":[{"embeddable":true,"href":"http:\/\/shekinahfilm.com\/fr\/wp-json\/wp\/v2\/comments?post=86"}],"version-history":[{"count":0,"href":"http:\/\/shekinahfilm.com\/fr\/wp-json\/wp\/v2\/pages\/86\/revisions"}],"up":[{"embeddable":true,"href":"http:\/\/shekinahfilm.com\/fr\/wp-json\/wp\/v2\/pages\/9"}],"wp:featuredmedia":[{"embeddable":true,"href":"http:\/\/shekinahfilm.com\/fr\/wp-json\/wp\/v2\/media\/78"}],"wp:attachment":[{"href":"http:\/\/shekinahfilm.com\/fr\/wp-json\/wp\/v2\/media?parent=86"}],"curies":[{"name":"wp","href":"https:\/\/api.w.org\/{rel}","templated":true}]}}