{"id":9,"date":"2013-10-09T18:00:50","date_gmt":"2013-10-09T22:00:50","guid":{"rendered":"http:\/\/localhost:8888\/shekinah\/?page_id=9"},"modified":"2019-02-12T15:57:18","modified_gmt":"2019-02-12T20:57:18","slug":"shekinah","status":"publish","type":"page","link":"http:\/\/shekinahfilm.com\/fr\/shekinah\/","title":{"rendered":"Accueil"},"content":{"rendered":"<p><\/p>\n<div id=\"column1\">\n<blockquote id=\"quote1\">\n<p>\u00abAu-del\u00e0 des st\u00e9r\u00e9otypes, Shekinah s\u00e9duit et nous plonge dans l&rsquo;univers m\u00e9connu&nbsp;des femmes hassidiques.\u00bb<\/p>\n<h5><cite>Maurie Alioff, chroniqueur de&nbsp;cin\u00e9ma<\/cite><\/h5>\n<\/blockquote>\n<h3 id=\"quote2\">Un film qui renverse les id\u00e9es pr\u00e9con\u00e7ues<\/h3>\n<blockquote id=\"quote3\">\n<p>\u00abUne incursion in\u00e9dite dans le&nbsp;monde des femmes hassidiques, la Kabbale et la&nbsp;tradition juive. Shekinah est&nbsp;unique en son genre.\u00bb<\/p>\n<h5><cite>Rabbin Yisroel Bernath<\/cite><\/h5>\n<\/blockquote>\n<\/div>\n<p><a href=\"http:\/\/www.dliproductions.ca\/shekinah-awarded-best-documentary\/\" target=\"_blank\"><img loading=\"lazy\" id=\"badge\" src=\"http:\/\/shekinahfilm.com\/wp-content\/themes\/shekinah\/images\/shekinah-crown-heights-fr.png\" alt=\"Meilleur documentaire\" width=\"140px\" height=\"140px\" \/><\/a><\/p>\n<div id=\"column2\">\n<blockquote id=\"quote4\">\n<h4>Le film n<sup>o<\/sup>1 \u00e0&nbsp;Montr\u00e9al<\/h4>\n<p><span class=\"color\">\u2605\u2605\u2605\u2605\u2605\u2605\u2605\u2605\u2605<\/span><\/p>\n<h5><cite>cinemamontreal.com<\/cite><\/h5>\n<\/blockquote>\n<blockquote id=\"quote5\">\n<p>\u00abUn acc\u00e8s privil\u00e9gi\u00e9 \u00e0 un monde r\u00e9put\u00e9 inaccessible\u00bb<\/p>\n<h5><cite>Jean-Christophe Laurence, La&nbsp;Presse<\/cite><\/h5>\n<\/blockquote>\n<\/div>\n<p><\/p>","protected":false},"excerpt":{"rendered":"<p>\u00abAu-del\u00e0 des st\u00e9r\u00e9otypes, Shekinah s\u00e9duit et nous plonge dans l&rsquo;univers m\u00e9connu&nbsp;des femmes hassidiques.\u00bb<br \/>\nMaurie Alioff, chroniqueur de&nbsp;cin\u00e9ma<\/p>\n<p>Un film qui renverse les id\u00e9es pr\u00e9con\u00e7ues<\/p>\n<p>\u00abUne <a href=\"http:\/\/shekinahfilm.com\/fr\/shekinah\/\" class=\"more-link\"><span class=\"icon\"><\/span><\/a><\/p>\n","protected":false},"author":1,"featured_media":0,"parent":0,"menu_order":0,"comment_status":"open","ping_status":"closed","template":"page-templates\/home.php","meta":{"spay_email":""},"_links":{"self":[{"href":"http:\/\/shekinahfilm.com\/fr\/wp-json\/wp\/v2\/pages\/9"}],"collection":[{"href":"http:\/\/shekinahfilm.com\/fr\/wp-json\/wp\/v2\/pages"}],"about":[{"href":"http:\/\/shekinahfilm.com\/fr\/wp-json\/wp\/v2\/types\/page"}],"author":[{"embeddable":true,"href":"http:\/\/shekinahfilm.com\/fr\/wp-json\/wp\/v2\/users\/1"}],"replies":[{"embeddable":true,"href":"http:\/\/shekinahfilm.com\/fr\/wp-json\/wp\/v2\/comments?post=9"}],"version-history":[{"count":0,"href":"http:\/\/shekinahfilm.com\/fr\/wp-json\/wp\/v2\/pages\/9\/revisions"}],"wp:attachment":[{"href":"http:\/\/shekinahfilm.com\/fr\/wp-json\/wp\/v2\/media?parent=9"}],"curies":[{"name":"wp","href":"https:\/\/api.w.org\/{rel}","templated":true}]}}