{"id":99,"date":"2013-10-09T21:00:13","date_gmt":"2013-10-10T01:00:13","guid":{"rendered":"http:\/\/localhost:8888\/shekinah\/?page_id=99"},"modified":"2019-02-12T15:00:34","modified_gmt":"2019-02-12T20:00:34","slug":"credits","status":"publish","type":"page","link":"http:\/\/shekinahfilm.com\/fr\/shekinah\/credits\/","title":{"rendered":"G\u00e9n\u00e9rique"},"content":{"rendered":"<p><\/p>\n<div class=\"credits\" style=\"text-align:center;\">\n<p><em>r\u00e9alis\u00e9 par<\/em><br \/>\nAbbey Jack Neidik<\/p>\n<p><em>produit par<\/em><br \/>\nAbbey Jack Neidik<br \/>\nIrene Lilienheim Angelico<\/p>\n<p><em>montage<\/em><br \/>\nJeremiah Hayes<\/p>\n<p><em>productrice ex\u00e9cutive<\/em><br \/>\nMushka Lightstone<\/p>\n<p><em>productrice associ\u00e9e<\/em><br \/>\nMargaux Ouimet<\/p>\n<p><em>assistante productrice<\/em><br \/>\nBrigitte Locicero<\/p>\n<p><em>direction photo<\/em><br \/>\nAbbey Jack Neidik<\/p>\n<p><em>prise de son<\/em><br \/>\nMargaux Ouimet<br \/>\nMushka Lightstone<\/p>\n<p><em>d&rsquo;apr\u00e8s une id\u00e9e originale de<\/em><br \/>\nMushka Lightstone<\/p>\n<p><em>traitement \u00e9crit par<\/em><br \/>\nAbbey Jack Neidik<br \/>\nIrene Lilienheim Angelico<\/p>\n<p><em>narration \u00e9crite par<\/em><br \/>\nAbbey Jack Neidik<br \/>\nJeremiah Hayes<\/p>\n<p><em>narrateur<\/em><br \/>\nDenis Michaud<\/p>\n<p><em>musique originale<\/em><br \/>\nJohn A. Wilson<\/p>\n<p><em>musiciens<\/em><br \/>\nAdam O&rsquo;Callahan &#8211; soprano saxophone<br \/>\nStephen Olivera &#8211; additional guitar<br \/>\nChristina Julien &#8211; voice<br \/>\nJohn Wilson \u2013 multi-instruments<\/p>\n<p><em>ing\u00e9nieur de son<\/em><br \/>\nMingo L\u2019Indien<\/p>\n<p><em>superviseur de la musique<\/em><br \/>\nJeremiah Hayes<\/p>\n<p>Avec la participation financi\u00e8re de<br \/>\n<img loading=\"lazy\" src=\"http:\/\/shekinahfilm.com\/wp-content\/uploads\/2013\/10\/logo-quebec-credit.png\" alt=\"logo-quebec-credit\" width=\"218\" height=\"110\" class=\"alignnone size-full wp-image-138\" \/><br \/>\n<img loading=\"lazy\" src=\"http:\/\/shekinahfilm.com\/wp-content\/uploads\/2013\/10\/logo-sodec.png\" alt=\"logo-sodec\" width=\"218\" height=\"110\" class=\"alignnone size-full wp-image-139\" \/><br \/>\n<img loading=\"lazy\" src=\"http:\/\/shekinahfilm.com\/wp-content\/uploads\/2013\/10\/logo-canada.png\" alt=\"logo-canada\" width=\"214\" height=\"51\" class=\"alignnone size-full wp-image-140\" \/><br \/>\nCr\u00e9dit d&rsquo;imp\u00f4t pour production cin\u00e9matographique<br \/>ou magn\u00e9toscopique canadienne<\/p>\n<p>avec la collaboration de<br \/>\n<img loading=\"lazy\" src=\"http:\/\/shekinahfilm.com\/wp-content\/uploads\/2013\/10\/logo-rc.png\" alt=\"logo-rc\" width=\"138\" height=\"116\" class=\"alignnone size-full wp-image-141\" \/> <\/p>\n<p><em>premier directeur, information t\u00e9l\u00e9vision<\/em><br \/>\nJean Pelletier<\/p>\n<p><img loading=\"lazy\" src=\"http:\/\/shekinahfilm.com\/wp-content\/uploads\/2013\/12\/JCFM-logo.png\" alt=\"JCFM-logo\" width=\"300\" height=\"73\" class=\"alignnone size-full wp-image-262\" srcset=\"http:\/\/shekinahfilm.com\/wp-content\/uploads\/2013\/12\/JCFM-logo.png 474w, http:\/\/shekinahfilm.com\/wp-content\/uploads\/2013\/12\/JCFM-logo-300x73.png 300w\" sizes=\"(max-width: 300px) 100vw, 300px\" \/><\/p>\n<p><em>traduction<\/em><br \/>\nMargaux Ouimet<\/p>\n<p><em>assistant au montage<\/em><br \/>\nMartin Nault<\/p>\n<p><em>camera additionnelle<\/em><br \/>\nJeremiah Hayes<br \/>\nNissim Belma<\/p>\n<p><em>post-production<\/em><br \/>\nDigital Cut Montreal<\/p>\n<p><em>montage en ligne<\/em><br \/>\nPatrick J. Clune<\/p>\n<p><em>post-production sonore<\/em><br \/>\nStudio Harmonie<\/p>\n<p><em>mixage<\/em><br \/>\n\u00c9ric Tessier<\/p>\n<p><em>montage sonore<\/em><br \/>\n\u00c9ric Tessier<br \/>\nRonny Cabal<\/p>\n<p><em>prise de son, narration<\/em><br \/>\nCharles Th\u00e9oret<\/p>\n<p><em>comptabilit\u00e9<\/em><br \/>\nGeorge Highfield<br \/>\nGerry Vininsky<\/p>\n<p><em>nous tenons \u00e0 remercier<\/em><br \/>\nChana Carlebach<br \/>\nRabbi Moishe New<br \/>\nRabbi Yisroel Bernath<br \/>\nLes \u00e9tudiantes au S\u00e9minaire BMC<br \/>\nLa ville de Sainte-Agathe-des-Monts<br \/>\nAi Umeda<br \/>\nSybil Dorfman, Mordechai Lightstone et Sefira Ross<br \/>\nToben Neidik, Michael Lilienheim et Sally Tessler<br \/>\nGeorges Amar et Michel Scheffer<\/p>\n<p>Merci \u00e0 tous les participants de ce film. <\/p>\n<p><em>d\u00e9di\u00e9 \u00e0<\/em><br \/>\nMoshe Chiam Carlebach<br \/>\nBernard Abraham Dorfman<\/p>\n<p><em>et \u00e0<\/em><br \/>\nma grand-m\u00e8re<br \/>\nJennie Rishikof (Bauby)<\/p>\n<p>Produit par<br \/>\n<img loading=\"lazy\" src=\"http:\/\/shekinahfilm.com\/wp-content\/uploads\/2013\/10\/dli-logo-300x200.png\" alt=\"logo DLI Productions\" width=\"150\" height=\"100\" class=\"\" \/><br \/>\n\u00a9 Les Productions DLI inc. 2013<\/p>\n<\/div>\n<p><\/p>","protected":false},"excerpt":{"rendered":"<p>r\u00e9alis\u00e9 par<br \/>\nAbbey Jack Neidik<\/p>\n<p>produit par<br \/>\nAbbey Jack Neidik<br \/>\nIrene Lilienheim Angelico<\/p>\n<p>montage<br \/>\nJeremiah Hayes<\/p>\n<p>productrice ex\u00e9cutive<br \/>\nMushka Lightstone<\/p>\n<p>productrice associ\u00e9e<br \/>\nMargaux Ouimet<\/p>\n<p>assistante productrice<br \/>\nBrigitte Locicero<\/p>\n<p>direction photo<br \/>\nAbbey Jack Neidik<\/p>\n<p>prise de son<br \/>\nMargaux Ouimet<br \/>\nMushka <a href=\"http:\/\/shekinahfilm.com\/fr\/shekinah\/credits\/\" class=\"more-link\"><span class=\"icon\"><\/span><\/a><\/p>\n","protected":false},"author":1,"featured_media":0,"parent":9,"menu_order":0,"comment_status":"closed","ping_status":"closed","template":"","meta":{"spay_email":""},"_links":{"self":[{"href":"http:\/\/shekinahfilm.com\/fr\/wp-json\/wp\/v2\/pages\/99"}],"collection":[{"href":"http:\/\/shekinahfilm.com\/fr\/wp-json\/wp\/v2\/pages"}],"about":[{"href":"http:\/\/shekinahfilm.com\/fr\/wp-json\/wp\/v2\/types\/page"}],"author":[{"embeddable":true,"href":"http:\/\/shekinahfilm.com\/fr\/wp-json\/wp\/v2\/users\/1"}],"replies":[{"embeddable":true,"href":"http:\/\/shekinahfilm.com\/fr\/wp-json\/wp\/v2\/comments?post=99"}],"version-history":[{"count":0,"href":"http:\/\/shekinahfilm.com\/fr\/wp-json\/wp\/v2\/pages\/99\/revisions"}],"up":[{"embeddable":true,"href":"http:\/\/shekinahfilm.com\/fr\/wp-json\/wp\/v2\/pages\/9"}],"wp:attachment":[{"href":"http:\/\/shekinahfilm.com\/fr\/wp-json\/wp\/v2\/media?parent=99"}],"curies":[{"name":"wp","href":"https:\/\/api.w.org\/{rel}","templated":true}]}}